
{"id":3638,"date":"2025-02-19T21:47:22","date_gmt":"2025-02-19T20:47:22","guid":{"rendered":"https:\/\/spacemall.es\/producto\/pendientes-del-siglo-xix-en-oro-18k-con-perlas-silvestres-y-diamantes-elegancia-atemporal\/"},"modified":"2025-02-19T22:01:54","modified_gmt":"2025-02-19T21:01:54","slug":"pendientes-del-siglo-xix-en-oro-18k-con-perlas-silvestres-y-diamantes-elegancia-atemporal","status":"publish","type":"product","link":"https:\/\/test.spacemall.es\/zh\/product\/pendientes-del-siglo-xix-en-oro-18k-con-perlas-silvestres-y-diamantes-elegancia-atemporal\/","title":{"rendered":"19\u4e16\u7eaa18K\u91d1\u8033\u73af\uff0c\u9576\u6709\u91ce\u751f\u73cd\u73e0\u548c\u94bb\u77f3\u2014\u2014\u6c38\u6052\u7684\u4f18\u96c5"},"content":{"rendered":"<p data-start=\"531\" data-end=\"791\">Estos hermosos pendientes de finales del <strong data-start=\"572\" data-end=\"585\">siglo XIX<\/strong>, elaborados en <strong data-start=\"601\" data-end=\"623\">oro de 18 quilates<\/strong>, reflejan la esencia de la joyer\u00eda victoriana. Con un peso total de <strong data-start=\"692\" data-end=\"706\">3.9 gramos<\/strong> y unas dimensiones de <strong data-start=\"729\" data-end=\"742\">9 \u00d7 15 mm<\/strong>, son piezas delicadas pero llenas de car\u00e1cter.<\/p>\n<p data-start=\"793\" data-end=\"1130\">Cada pendiente presenta una <strong data-start=\"821\" data-end=\"848\">perla silvestre central<\/strong>, de brillo suave y natural, rodeada por un halo de <strong data-start=\"900\" data-end=\"927\">diamantes en talla rosa<\/strong>, una t\u00e9cnica caracter\u00edstica de la \u00e9poca que realza la luminosidad de la pieza. En la parte superior, un diamante adicional a\u00f1ade un toque de luz y movimiento, complementando a la perfecci\u00f3n el dise\u00f1o.<\/p>\n<p data-start=\"1132\" data-end=\"1300\">Estos pendientes no solo son un accesorio refinado, sino tambi\u00e9n una <strong data-start=\"1201\" data-end=\"1223\">pieza de colecci\u00f3n<\/strong>, perfecta para quienes aprecian la joyer\u00eda con historia y valor art\u00edstico.<\/p>\n<div class=\"wcfm_custom_field_display wcfm_custom_field_display_video-de-producto\"><h4 class='wcfm_custom_field_display_heading'>\u4ea7\u54c1\u89c6\u9891<\/h4><\/div><div class=\"wcfm-clearfix\"><\/div><br \/>","protected":false},"excerpt":{"rendered":"<p>18K\u91d1\u8033\u73af\u4e0e\u91ce\u751f\u73cd\u73e0\u548c\u53e4\u8463\u94bb\u77f3\uff0c\u4e00\u4e2a\u7ecf\u5178\u768419\u4e16\u7eaa\u8bbe\u8ba1\u3002<\/p>","protected":false},"featured_media":3629,"template":"","meta":{"_acf_changed":false},"product_cat":[273],"product_tag":[356,357,342,353,350,352,351,358,354,355],"product_brand":[],"class_list":{"0":"post-3638","1":"product","2":"type-product","3":"status-publish","4":"has-post-thumbnail","6":"product_cat-articulos-y-accesorios","7":"product_tag-accesorios-clasicos-de-coleccion","8":"product_tag-joyeria-de-epoca","9":"product_tag-joyeria-del-siglo-xix","10":"product_tag-joyeria-victoriana","11":"product_tag-pendientes-antiguos-de-oro-18k","12":"product_tag-pendientes-con-diamantes-en-talla-rosa","13":"product_tag-pendientes-con-perlas-naturales","14":"product_tag-pendientes-de-diamantes-antiguos","15":"product_tag-pendientes-vintage-de-lujo","16":"product_tag-perlas-silvestres-y-oro","18":"first","19":"instock","20":"taxable","21":"shipping-taxable","22":"purchasable","23":"product-type-simple"},"acf":[],"_links":{"self":[{"href":"https:\/\/test.spacemall.es\/zh\/wp-json\/wp\/v2\/product\/3638","targetHints":{"allow":["GET"]}}],"collection":[{"href":"https:\/\/test.spacemall.es\/zh\/wp-json\/wp\/v2\/product"}],"about":[{"href":"https:\/\/test.spacemall.es\/zh\/wp-json\/wp\/v2\/types\/product"}],"version-history":[{"count":2,"href":"https:\/\/test.spacemall.es\/zh\/wp-json\/wp\/v2\/product\/3638\/revisions"}],"predecessor-version":[{"id":3653,"href":"https:\/\/test.spacemall.es\/zh\/wp-json\/wp\/v2\/product\/3638\/revisions\/3653"}],"wp:featuredmedia":[{"embeddable":true,"href":"https:\/\/test.spacemall.es\/zh\/wp-json\/wp\/v2\/media\/3629"}],"wp:attachment":[{"href":"https:\/\/test.spacemall.es\/zh\/wp-json\/wp\/v2\/media?parent=3638"}],"wp:term":[{"taxonomy":"product_cat","embeddable":true,"href":"https:\/\/test.spacemall.es\/zh\/wp-json\/wp\/v2\/product_cat?post=3638"},{"taxonomy":"product_tag","embeddable":true,"href":"https:\/\/test.spacemall.es\/zh\/wp-json\/wp\/v2\/product_tag?post=3638"},{"taxonomy":"product_brand","embeddable":true,"href":"https:\/\/test.spacemall.es\/zh\/wp-json\/wp\/v2\/product_brand?post=3638"}],"curies":[{"name":"wp","href":"https:\/\/api.w.org\/{rel}","templated":true}]}}